{"id":91,"date":"2019-08-19T19:32:12","date_gmt":"2019-08-19T19:32:12","guid":{"rendered":"http:\/\/cech-wieliczka.pl\/?page_id=91"},"modified":"2025-05-27T08:49:19","modified_gmt":"2025-05-27T08:49:19","slug":"nauka-zawodu-2","status":"publish","type":"page","link":"http:\/\/cech-wieliczka.pl\/?page_id=91","title":{"rendered":"Nauka zawodu"},"content":{"rendered":"\n<div class=\"wp-container-1 is-vertical wp-block-group\">\n<p class=\"has-text-align-left\"><strong>Przygotowanie zawodowe w formie nauki zawodu<\/strong><br>Nauka zawodu ma na celu przygotowanie m\u0142odocianego do pracy w charakterze wykwalifikowanego pracownika lub czeladnika i obejmuje praktyczn\u0105 nauk\u0119 zawodu, kt\u00f3ra jest organizowana u pracodawcy, oraz dokszta\u0142canie teoretyczne. Umow\u0119 o prac\u0119 w celu przygotowania zawodowego odbywanego w formie nauki zawodu zawiera pracodawca z m\u0142odocianym w terminie przyj\u0119\u0107 kandydat\u00f3w do szk\u00f3\u0142 bran\u017cowych I stopnia. Je\u015bli jednak m\u0142odociany nie dokszta\u0142ca si\u0119 w zasadniczej szkole zawodowej, umowa ta mo\u017ce by\u0107 zawarta w innym terminie.<\/p>\n\n\n\n<p class=\"has-text-align-left\"><strong>Nauka zawodu trwa nie d\u0142u\u017cej ni\u017c 36 miesi\u0119cy<\/strong>, wyj\u0105tkiem jest sytuacja, kiedy m\u0142odociany nie otrzyma\u0142 promocji do klasy programowo wy\u017cszej lub nie uko\u0144czy\u0142 szko\u0142y.<br>Przepisy reguluj\u0105, \u017ce nauka zawodu mo\u017ce trwa\u0107 maksymalnie 36 miesi\u0119cy \u2013 wyj\u0105tkiem jest sytuacja, kiedy m\u0142odociany nie zaliczy roku w szkole i nie otrzyma promocji. Wtedy to pracodawca, na wniosek m\u0142odocianego, albo izba rzemie\u015blnicza, na wniosek pracodawcy b\u0119d\u0105cego rzemie\u015blnikiem i m\u0142odocianego, mo\u017ce przed\u0142u\u017cy\u0107 czas trwania nauki zawodu, nie wi\u0119cej jednak ni\u017c o 12 miesi\u0119cy, w celu umo\u017cliwienia doko\u0144czenia nauki w szkole, a w innych uzasadnionych przypadkach nie wi\u0119cej ni\u017c o 6 miesi\u0119cy. Pracodawca zatrudniaj\u0105cy m\u0142odocianych w celu przygotowania zawodowego odbywanego w formie nauki zawodu ma kilka obowi\u0105zk\u00f3w wzgl\u0119dem m\u0142odych pracownik\u00f3w. Przede wszystkim powinien kszta\u0142ci\u0107 swoich pracownik\u00f3w poprzez:<\/p>\n\n\n\n<ul><li>kierowanie ich na dokszta\u0142canie teoretyczne do zasadniczej szko\u0142y zawodowej lub<br><\/li><li>kierowanie ich na dokszta\u0142canie teoretyczne do o\u015brodka dokszta\u0142cania i doskonalenia zawodowego lub<br><\/li><li>organizowanie dokszta\u0142cania teoretycznego we w\u0142asnym zakresie.<br><\/li><\/ul>\n<\/div>\n\n\n\n<p><strong>Egzaminy potwierdzaj\u0105ce umiej\u0119tno\u015bci<\/strong><br>Wiedza i umiej\u0119tno\u015bci nabyte przez m\u0142odocianego podczas nauki zawodu s\u0105 sprawdzane w trakcie egzaminu:<\/p>\n\n\n\n<ul><li>m\u0142odociany zatrudniony u pracodawcy nieb\u0119d\u0105cego rzemie\u015blnikiem dokszta\u0142caj\u0105cy si\u0119 w zasadniczej szkole zawodowej zdaje egzamin potwierdzaj\u0105cy kwalifikacje w zawodzie z zakresu kwalifikacji wyodr\u0119bnionej w tym zawodzie;<br><\/li><li>m\u0142odociany zatrudniony u pracodawcy nieb\u0119d\u0105cego rzemie\u015blnikiem dokszta\u0142caj\u0105cy si\u0119 w bran\u017cowej szkole I stopnia zdaje egzamin zawodowy;<br><\/li><li>m\u0142odociany zatrudniony u pracodawcy nieb\u0119d\u0105cego rzemie\u015blnikiem dokszta\u0142caj\u0105cy si\u0119 u pracodawcy albo na turnusie dokszta\u0142cania teoretycznego m\u0142odocianych organizowanym przez centrum kszta\u0142cenia zawodowego lub szko\u0142\u0119 prowadz\u0105c\u0105 kszta\u0142cenie zawodowe zdaje egzamin eksternistyczny zawodowy, przeprowadzany przez okr\u0119gow\u0105 komisj\u0119 egzaminacyjn\u0105.<br>Pracodawca zatrudniaj\u0105cy m\u0142odocianych pokrywa koszty przeprowadzenia egzamin\u00f3w zdawanych w pierwszym wyznaczonym terminie oraz mo\u017ce pokry\u0107 koszty egzaminu poprawkowego.<\/li><\/ul>\n\n\n\n<p><\/p>\n\n\n\n<p><strong>W celu spisania umowy o nauk\u0119 zawodu konieczne jest dostarczenie kserokopii nast\u0119puj\u0105cych dokument\u00f3w:<\/strong><\/p>\n\n\n\n<p>&#8211; \u015bwiadectwo uko\u0144czenia szko\u0142y podstawowej<\/p>\n\n\n\n<p>&#8211; za\u015bwiadczenie lekarskie o zdolno\u015bci do pracy w danym zawodzie,<\/p>\n\n\n\n<p>&#8211; w przypadku uczni\u00f3w urodzonych w 2011r niezb\u0119dne jest za\u015bwiadczenie z poradni psychologiczno-pedagogicznej o braku przeciwwskaza\u0144 do podj\u0119cia pracy w zawodzie<\/p>\n\n\n\n<p>&#8211; odpis skr\u00f3conego aktu urodzenia (do wgl\u0105du)<\/p>\n\n\n\n<p>&#8211; pesel ucznia,<\/p>\n\n\n\n<p>&#8211; dok\u0142adny adres zamieszkania ucznia,<\/p>\n\n\n\n<p>&#8211; adres szko\u0142y w kt\u00f3rej odbywa\u0107 si\u0119 b\u0119dzie teoretyczna nauka zawodu.<\/p>\n\n\n\n<p>&#8211; op\u0142ata zgodnie z aktualnym cennikiem znajduj\u0105cym si\u0119 w Biurze Cechu, informacja tel. 12 278 42 41<\/p>\n\n\n\n<p><strong>Prosimy o sk\u0142adanie powy\u017cszych dokument\u00f3w w BIURZE CECHU w godzinach 8.00 &#8211; 13.00<\/strong><\/p>\n\n\n\n<p>Do podpisu umowy zapraszamy rodzica, ucznia i pracodawc\u0119. <\/p>\n\n\n\n<p><\/p>\n\n\n\n<p><a href=\"http:\/\/cech-wieliczka.pl\/wp-admin\/post.php?post=95&amp;action=edit\" data-type=\"URL\" data-id=\"http:\/\/cech-wieliczka.pl\/wp-admin\/post.php?post=95&amp;action=edit\" target=\"_blank\" rel=\"noreferrer noopener\">LISTA RZEMIE\u015aLNIK\u00d3W MAJ\u0104CYCH UPRAWNIENIA DO SZKOLENIA M\u0141ODOCIANYCH PRACOWNIK\u00d3W<\/a><\/p>\n\n\n\n<p><\/p>\n","protected":false},"excerpt":{"rendered":"<p>Przygotowanie zawodowe w formie nauki zawoduNauka zawodu ma na celu przygotowanie m\u0142odocianego do pracy w charakterze wykwalifikowanego pracownika lub czeladnika i obejmuje praktyczn\u0105 nauk\u0119 zawodu, kt\u00f3ra jest organizowana u pracodawcy, oraz dokszta\u0142canie teoretyczne. Umow\u0119 o prac\u0119 w celu przygotowania zawodowego [&hellip;]<\/p>\n","protected":false},"author":1,"featured_media":0,"parent":0,"menu_order":0,"comment_status":"closed","ping_status":"closed","template":"","meta":[],"_links":{"self":[{"href":"http:\/\/cech-wieliczka.pl\/index.php?rest_route=\/wp\/v2\/pages\/91"}],"collection":[{"href":"http:\/\/cech-wieliczka.pl\/index.php?rest_route=\/wp\/v2\/pages"}],"about":[{"href":"http:\/\/cech-wieliczka.pl\/index.php?rest_route=\/wp\/v2\/types\/page"}],"author":[{"embeddable":true,"href":"http:\/\/cech-wieliczka.pl\/index.php?rest_route=\/wp\/v2\/users\/1"}],"replies":[{"embeddable":true,"href":"http:\/\/cech-wieliczka.pl\/index.php?rest_route=%2Fwp%2Fv2%2Fcomments&post=91"}],"version-history":[{"count":4,"href":"http:\/\/cech-wieliczka.pl\/index.php?rest_route=\/wp\/v2\/pages\/91\/revisions"}],"predecessor-version":[{"id":1351,"href":"http:\/\/cech-wieliczka.pl\/index.php?rest_route=\/wp\/v2\/pages\/91\/revisions\/1351"}],"wp:attachment":[{"href":"http:\/\/cech-wieliczka.pl\/index.php?rest_route=%2Fwp%2Fv2%2Fmedia&parent=91"}],"curies":[{"name":"wp","href":"https:\/\/api.w.org\/{rel}","templated":true}]}}