{"id":1364,"date":"2025-06-09T11:16:38","date_gmt":"2025-06-09T11:16:38","guid":{"rendered":"http:\/\/cech-wieliczka.pl\/?page_id=1364"},"modified":"2025-06-10T10:01:10","modified_gmt":"2025-06-10T10:01:10","slug":"biuro-cechu-informacje","status":"publish","type":"page","link":"http:\/\/cech-wieliczka.pl\/?page_id=1364","title":{"rendered":"Biuro Cechu &#8211; przyjmowanie Stron"},"content":{"rendered":"\n<p>PRZYJMOWANIE STRON: poniedzia\u0142ek &#8211; pi\u0105tek 8-13<\/p>\n\n\n\n<p>INFORMACJA TELEFONICZNA: poniedzia\u0142ek &#8211; pi\u0105tek 8-13<\/p>\n\n\n\n<p><\/p>\n\n\n\n<p>Dokumenty oraz zapytania mo\u017cna przesy\u0142a\u0107 na <strong>adres mailowy<\/strong>:<\/p>\n\n\n\n<p>cech.wieliczka@wp.pl<\/p>\n\n\n","protected":false},"excerpt":{"rendered":"<p>PRZYJMOWANIE STRON: poniedzia\u0142ek &#8211; pi\u0105tek 8-13 INFORMACJA TELEFONICZNA: poniedzia\u0142ek &#8211; pi\u0105tek 8-13 Dokumenty oraz zapytania mo\u017cna przesy\u0142a\u0107 na adres mailowy: cech.wieliczka@wp.pl<\/p>\n","protected":false},"author":2,"featured_media":0,"parent":0,"menu_order":0,"comment_status":"closed","ping_status":"closed","template":"","meta":[],"_links":{"self":[{"href":"http:\/\/cech-wieliczka.pl\/index.php?rest_route=\/wp\/v2\/pages\/1364"}],"collection":[{"href":"http:\/\/cech-wieliczka.pl\/index.php?rest_route=\/wp\/v2\/pages"}],"about":[{"href":"http:\/\/cech-wieliczka.pl\/index.php?rest_route=\/wp\/v2\/types\/page"}],"author":[{"embeddable":true,"href":"http:\/\/cech-wieliczka.pl\/index.php?rest_route=\/wp\/v2\/users\/2"}],"replies":[{"embeddable":true,"href":"http:\/\/cech-wieliczka.pl\/index.php?rest_route=%2Fwp%2Fv2%2Fcomments&post=1364"}],"version-history":[{"count":3,"href":"http:\/\/cech-wieliczka.pl\/index.php?rest_route=\/wp\/v2\/pages\/1364\/revisions"}],"predecessor-version":[{"id":1371,"href":"http:\/\/cech-wieliczka.pl\/index.php?rest_route=\/wp\/v2\/pages\/1364\/revisions\/1371"}],"wp:attachment":[{"href":"http:\/\/cech-wieliczka.pl\/index.php?rest_route=%2Fwp%2Fv2%2Fmedia&parent=1364"}],"curies":[{"name":"wp","href":"https:\/\/api.w.org\/{rel}","templated":true}]}}