{"id":103,"date":"2019-08-19T19:44:56","date_gmt":"2019-08-19T19:44:56","guid":{"rendered":"http:\/\/cech-wieliczka.pl\/?page_id=103"},"modified":"2024-08-07T06:09:41","modified_gmt":"2024-08-07T06:09:41","slug":"zus-pracownicy-mlodociani","status":"publish","type":"page","link":"http:\/\/cech-wieliczka.pl\/?page_id=103","title":{"rendered":"ZUS &#8211; pracownicy m\u0142odociani"},"content":{"rendered":"\n<p><strong>Wynagrodzenie m\u0142odocianych<\/strong><\/p>\n\n\n\n<p>M\u0142odocianemu w&nbsp;okresie nauki zawodu oraz przyuczenia do wykonywania okre\u015blonej pracy przys\u0142uguje wynagrodzenie obliczane w&nbsp;stosunku procentowym do&nbsp;przeci\u0119tnego miesi\u0119cznego wynagrodzenia w&nbsp;gospodarce narodowej w&nbsp;poprzednim kwartale, obowi\u0105zuj\u0105cego od&nbsp;pierwszego dnia nast\u0119pnego miesi\u0105ca po og\u0142oszeniu przez Prezesa GUS.<\/p>\n\n\n\n<p><strong>AKTUALNE STAWKI WYNAGRODZE\u0143 M\u0141ODOCIANYCH znajduj\u0105 ci\u0119 na stronie <\/strong><a href=\"https:\/\/wskazniki.gofin.pl\/8,113,1,wysokosc-wynagrodzenia-i-skladek-pracownikow-mlodocianych.html\" data-type=\"URL\" data-id=\"https:\/\/wskazniki.gofin.pl\/8,113,1,wysokosc-wynagrodzenia-i-skladek-pracownikow-mlodocianych.html\" target=\"_blank\" rel=\"noreferrer noopener\">www. wskazniki.gofin.pl<\/a> <\/p>\n\n\n\n<h2><strong>1.03.2024&nbsp;r. &#8211; 31.05.2024 r.<\/strong><\/h2>\n\n\n\n<p>Przeci\u0119tne wynagrodzenie w&nbsp;IV kwartale 2023&nbsp;r. wynios\u0142o &#8211;&nbsp;7.540,36 z\u0142 (Mon. Pol. z&nbsp;2024&nbsp;r. poz.&nbsp;106).<\/p>\n\n\n\n<figure class=\"wp-block-table\"><table><tbody><tr><td><strong>Okres<\/strong><\/td><td><strong>1.03.2024&nbsp;r. &#8211; 31.05.2024 r.<\/strong><\/td><\/tr><tr><td>nie mniej ni\u017c 8% ww. wynagrodzenia w I roku nauki lub klasie I&nbsp;bran\u017cowej szko\u0142y I stopnia<\/td><td>603,23 z\u0142<\/td><\/tr><tr><td>nie mniej ni\u017c 9% ww. wynagrodzenia w II roku nauki lub klasie II&nbsp;bran\u017cowej szko\u0142y I stopnia<\/td><td>678,63 z\u0142<\/td><\/tr><tr><td>nie mniej ni\u017c 10% ww. wynagrodzenia w III roku nauki lub klasie III&nbsp;bran\u017cowej szko\u0142y I stopnia<\/td><td>754,04 z\u0142<\/td><\/tr><tr><td>nie mniej ni\u017c 7% ww. wynagrodzenia w razie odbywania przyuczenia do wykonywania okre\u015blonej pracy<\/td><td>527,83 z\u0142<\/td><\/tr><\/tbody><\/table><\/figure>\n\n\n\n<p><strong>Podstawa prawna:<\/strong>&nbsp;\u00a7&nbsp;19 i&nbsp;\u00a7&nbsp;20 rozporz\u0105dzenia Rady Ministr\u00f3w z&nbsp;dnia 28 maja 1996&nbsp;r. w&nbsp;sprawie przygotowania zawodowego m\u0142odocianych i&nbsp;ich wynagradzania (Dz.&nbsp;U. z&nbsp;2018&nbsp;r. poz.&nbsp;2010 z p\u00f3\u017an. zm.).<\/p>\n\n\n\n<p><strong>Sk\u0142adki na ubezpieczenia spo\u0142eczne i zdrowotne m\u0142odocianych<\/strong><\/p>\n\n\n\n<figure class=\"wp-block-table\"><table><tbody><tr><td><strong>Podstawa wymiaru sk\u0142adki<\/strong><\/td><td><strong>Rodzaj ubezpieczenia<\/strong><\/td><td><strong>Spos\u00f3b finansowania<\/strong><\/td><\/tr><tr><td><\/td><td>p\u0142atnik<\/td><td>ubezpieczony<\/td><\/tr><tr><td><strong>603,23&nbsp;z\u0142 (I rok)<\/strong><\/td><td><\/td><\/tr><tr><td>emerytalne<\/td><td>58,88 z\u0142<\/td><td>58,88 z\u0142<\/td><\/tr><tr><td>rentowe<\/td><td>39,21 z\u0142<\/td><td>9,05 z\u0142<\/td><\/tr><tr><td>chorobowe<\/td><td>&#8211;<\/td><td>14,78 z\u0142<\/td><\/tr><tr><td>wypadkowe<\/td><td>x*<sup>)<\/sup><\/td><td>&#8211;<\/td><\/tr><tr><td>zdrowotne<\/td><td>&#8211;<\/td><td>2,31 \/ nie wyst\u0105pi***<sup>)<\/sup><\/td><\/tr><tr><td><\/td><\/tr><tr><td><strong>678,63 z\u0142  (II rok)<\/strong><\/td><td>p\u0142atnik<\/td><td>ubezpieczony<\/td><\/tr><tr><td>emerytalne<\/td><td>66,23 z\u0142<\/td><td>66,23 z\u0142<\/td><\/tr><tr><td>rentowe<\/td><td>44,11 z\u0142<\/td><td>10,18 z\u0142<\/td><\/tr><tr><td>chorobowe<\/td><td>&#8211;<\/td><td>16,63 z\u0142<\/td><\/tr><tr><td>wypadkowe<\/td><td>x*<sup>)<\/sup><\/td><td>&#8211;<\/td><\/tr><tr><td>zdrowotne<\/td><td>&#8211;<\/td><td>13,36**<sup>)<\/sup> \/ 4,86***<sup>)<\/sup><\/td><\/tr><tr><td><\/td><\/tr><tr><td><strong>754,04 z\u0142<\/strong> <strong>(III rok)<\/strong><\/td><td>p\u0142atnik <\/td><td>ubezpieczony<\/td><\/tr><tr><td>emerytalne<\/td><td>73,59 z\u0142<\/td><td>73,59 z\u0142<\/td><\/tr><tr><td>rentowe<\/td><td>49,01 z\u0142<\/td><td>11,31 z\u0142<\/td><\/tr><tr><td>chorobowe<\/td><td>&#8211;<\/td><td>18,47 z\u0142<\/td><\/tr><tr><td>wypadkowe<\/td><td>x*<sup>)<\/sup><\/td><td>&#8211;<\/td><\/tr><tr><td>zdrowotne<\/td><td>&#8211;<\/td><td>24,41**<sup>)<\/sup> \/ 15,91***<sup>)<\/sup><\/td><\/tr><tr><td><\/td><\/tr><tr><td>527,83 z\u0142<br>(przyuczenie do&nbsp;wykonywania okre\u015blonej pracy)<\/td><td><\/td><td><\/td><\/tr><tr><td>emerytalne<\/td><td>51,52 z\u0142<\/td><td>51,52 z\u0142<\/td><\/tr><tr><td>rentowe<\/td><td>34,31 z\u0142<\/td><td>7,92 z\u0142<\/td><\/tr><tr><td>chorobowe<\/td><td>&#8211;<\/td><td>12,93 z\u0142<\/td><\/tr><tr><td>wypadkowe<\/td><td>x*<sup>)<\/sup><\/td><td>&#8211;<\/td><\/tr><tr><td>zdrowotne<\/td><td>&#8211;<\/td><td>nie wyst\u0105pi**<sup>)<\/sup>***<sup>)<\/sup><\/td><\/tr><tr><td><\/td><\/tr><\/tbody><\/table><\/figure>\n\n\n\n<p><strong>Uwagi:<\/strong><br>*<sup>)<\/sup>&nbsp;Stopa procentowa sk\u0142adki na ubezpieczenie wypadkowe ustalana jest zgodnie z&nbsp;rozporz\u0105dzeniem Ministra Pracy i&nbsp;Polityki Spo\u0142ecznej z&nbsp;dnia 29 listopada 2002&nbsp;r. (Dz.&nbsp;U. z&nbsp;2022&nbsp;r. poz.&nbsp;740).&nbsp;<a href=\"http:\/\/www.wskazniki.gofin.pl\/8,195,1.html\" target=\"_blank\" rel=\"noreferrer noopener\">Wysoko\u015bci st\u00f3p procentowych sk\u0142adki wypadkowej<\/a>.<br>**<sup>)<\/sup>&nbsp;Przy za\u0142o\u017ceniu, \u017ce m\u0142odocianemu przys\u0142uguj\u0105 podstawowe koszty uzyskania przychod\u00f3w (250 z\u0142) i z\u0142o\u017cy\u0142 pracodawcy o\u015bwiadczenie o stosowaniu kwoty zmniejszaj\u0105cej zaliczk\u0119 na podatek dochodowy w wysoko\u015bci 300&nbsp;z\u0142.<br>***<sup>)<\/sup>&nbsp;Przy za\u0142o\u017ceniu, \u017ce m\u0142odocianemu przys\u0142uguj\u0105 podwy\u017cszone koszty uzyskania przychod\u00f3w (300 z\u0142) i z\u0142o\u017cy\u0142 pracodawcy o\u015bwiadczenie o stosowaniu kwoty zmniejszaj\u0105cej zaliczk\u0119 na podatek dochodowy w wysoko\u015bci 300&nbsp;z\u0142.<\/p>\n\n\n\n<h2><strong>1.12.2023&nbsp;r. &#8211; 29.02.2024 r.<\/strong><\/h2>\n\n\n\n<p>Przeci\u0119tne wynagrodzenie w&nbsp;III kwartale 2023&nbsp;r. wynios\u0142o &#8211;&nbsp;7.194,95 z\u0142 (Mon. Pol. z&nbsp;2023&nbsp;r. poz.&nbsp;1216).<\/p>\n\n\n\n<figure class=\"wp-block-table\"><table><tbody><tr><td><strong>Okres<\/strong><\/td><td><strong>1.12.2023&nbsp;r. &#8211; 29.02.2024 r.<\/strong><\/td><\/tr><tr><td>nie mniej ni\u017c 8% ww. wynagrodzenia w I roku nauki lub klasie I bran\u017cowej szko\u0142y I stopnia<\/td><td>575,60 z\u0142<\/td><\/tr><tr><td>nie mniej ni\u017c 9% ww. wynagrodzenia w II roku nauki lub klasie II bran\u017cowej szko\u0142y I stopnia<\/td><td>647,55 z\u0142<\/td><\/tr><tr><td>nie mniej ni\u017c 10% ww. wynagrodzenia w III roku nauki lub klasie III bran\u017cowej szko\u0142y I stopnia<\/td><td>719,50 z\u0142<\/td><\/tr><tr><td>nie mniej ni\u017c 7% ww. wynagrodzenia w razie odbywania przyuczenia do wykonywania okre\u015blonej pracy<\/td><td>503,65 z\u0142<\/td><\/tr><\/tbody><\/table><\/figure>\n\n\n\n<p><strong>Podstawa prawna:<\/strong>&nbsp;\u00a7&nbsp;19 i&nbsp;\u00a7&nbsp;20 rozporz\u0105dzenia Rady Ministr\u00f3w z&nbsp;dnia 28 maja 1996&nbsp;r. w&nbsp;sprawie przygotowania zawodowego m\u0142odocianych i&nbsp;ich wynagradzania (Dz.&nbsp;U. z&nbsp;2018&nbsp;r. poz.&nbsp;2010 z p\u00f3\u017an. zm.).<\/p>\n\n\n\n<p><strong>Sk\u0142adki na ubezpieczenia spo\u0142eczne i zdrowotne m\u0142odocianych<\/strong><\/p>\n\n\n\n<figure class=\"wp-block-table\"><table><tbody><tr><td><strong>Podstawa wymiaru sk\u0142adki<\/strong><\/td><td><strong>Rodzaj ubezpieczenia<\/strong><\/td><td><strong>Spos\u00f3b finansowania<\/strong><\/td><\/tr><tr><td><\/td><td><\/td><\/tr><tr><td><strong>575,60&nbsp;z\u0142 (I rok)<\/strong><\/td><td>p\u0142atnik<\/td><td>ubezpieczony<\/td><\/tr><tr><td>emerytalne<\/td><td>56,18 z\u0142<\/td><td>56,18 z\u0142<\/td><\/tr><tr><td>rentowe<\/td><td>37,41 z\u0142<\/td><td>8,63 z\u0142<\/td><\/tr><tr><td>chorobowe<\/td><td>&#8211;<\/td><td>14,10 z\u0142<\/td><\/tr><tr><td>wypadkowe<\/td><td>x*<sup>)<\/sup><\/td><td>&#8211;<\/td><\/tr><tr><td>zdrowotne<\/td><td>&#8211;<\/td><td>nie wyst\u0105pi**<sup>)<\/sup>***<sup>)<\/sup><\/td><\/tr><tr><td><\/td><\/tr><tr><td><strong>647,55 z\u0142 (II rok)<\/strong><\/td><td><\/td><td><\/td><\/tr><tr><td>emerytalne<\/td><td>63,20 z\u0142<\/td><td>63,20 z\u0142<\/td><\/tr><tr><td>rentowe<\/td><td>42,09 z\u0142<\/td><td>9,71 z\u0142<\/td><\/tr><tr><td>chorobowe<\/td><td>&#8211;<\/td><td>15,86 z\u0142<\/td><\/tr><tr><td>wypadkowe<\/td><td>x*<sup>)<\/sup><\/td><td>&#8211;<\/td><\/tr><tr><td>zdrowotne<\/td><td>&#8211;<\/td><td>8,77**<sup>)<\/sup>\/0,27***<sup>)<\/sup><\/td><\/tr><tr><td><\/td><td><\/td><td><\/td><\/tr><tr><td><\/td><\/tr><tr><td><strong>719,50 z\u0142 (III rok)<\/strong><\/td><td><\/td><td><\/td><\/tr><tr><td>emerytalne<\/td><td>70,22 z\u0142<\/td><td>70,22 z\u0142<\/td><\/tr><tr><td>rentowe<\/td><td>46,77 z\u0142<\/td><td>10,79 z\u0142<\/td><\/tr><tr><td>chorobowe<\/td><td>&#8211;<\/td><td>17,63 z\u0142<\/td><\/tr><tr><td>wypadkowe<\/td><td>x*<sup>)<\/sup><\/td><td>&#8211;<\/td><\/tr><tr><td>zdrowotne<\/td><td>&#8211;<\/td><td>19,31**<sup>)<\/sup>\/ 10,81***<sup>)<\/sup><\/td><\/tr><tr><td><\/td><\/tr><tr><td>503,65 z\u0142<br>(przyuczenie do&nbsp;wykonywania okre\u015blonej pracy)<\/td><td>emerytalne<\/td><td>49,16 z\u0142<\/td><\/tr><tr><td>rentowe<\/td><td>32,74 z\u0142<\/td><td>7,55 z\u0142<\/td><\/tr><tr><td>chorobowe<\/td><td>&#8211;<\/td><td>12,34 z\u0142<\/td><\/tr><tr><td>wypadkowe<\/td><td>x*<sup>)<\/sup><\/td><td>&#8211;<\/td><\/tr><tr><td>zdrowotne<\/td><td>&#8211;<\/td><td>nie wyst\u0105pi**<sup>)<\/sup>***<sup>)<\/sup><\/td><\/tr><tr><td><\/td><\/tr><\/tbody><\/table><\/figure>\n\n\n\n<p><strong>Uwagi:<\/strong><br>*<sup>)<\/sup>&nbsp;Stopa procentowa sk\u0142adki na ubezpieczenie wypadkowe ustalana jest zgodnie z&nbsp;rozporz\u0105dzeniem Ministra Pracy i&nbsp;Polityki Spo\u0142ecznej z&nbsp;dnia 29 listopada 2002&nbsp;r. (Dz.&nbsp;U. z&nbsp;2022&nbsp;r. poz.&nbsp;740).&nbsp;<a href=\"http:\/\/www.wskazniki.gofin.pl\/8,195,1.html\" target=\"_blank\" rel=\"noreferrer noopener\">Wysoko\u015bci st\u00f3p procentowych sk\u0142adki wypadkowej<\/a>.<br>**<sup>)<\/sup>&nbsp;Przy za\u0142o\u017ceniu, \u017ce m\u0142odocianemu przys\u0142uguj\u0105 podstawowe koszty uzyskania przychod\u00f3w (250 z\u0142) i z\u0142o\u017cy\u0142 pracodawcy o\u015bwiadczenie o stosowaniu kwoty zmniejszaj\u0105cej zaliczk\u0119 na podatek dochodowy w wysoko\u015bci 300&nbsp;z\u0142.<br>***<sup>)<\/sup>&nbsp;Przy za\u0142o\u017ceniu, \u017ce m\u0142odocianemu przys\u0142uguj\u0105 podwy\u017cszone koszty uzyskania przychod\u00f3w (300 z\u0142) i z\u0142o\u017cy\u0142 pracodawcy o\u015bwiadczenie o stosowaniu kwoty zmniejszaj\u0105cej zaliczk\u0119 na podatek dochodowy w wysoko\u015bci 300&nbsp;z\u0142.<\/p>\n\n\n\n<h2>1.09.2023 r. &#8211; 30.11.2023 r.<\/h2>\n\n\n\n<p>Przeci\u0119tne wynagrodzenie w&nbsp;II kwartale 2023&nbsp;r. wynios\u0142o &#8211;&nbsp;7.005,76 z\u0142 (Mon. Pol. z&nbsp;2023&nbsp;r. poz.&nbsp;831).<\/p>\n\n\n\n<div class=\"wp-container-1 wp-block-group\"><div class=\"wp-block-group__inner-container\">\n<figure class=\"wp-block-table\"><table><tbody><tr><td><strong>Okres<\/strong><\/td><td><strong>1.09.2023&nbsp;r. &#8211; 30.11.2023&nbsp;r.<\/strong><\/td><\/tr><tr><td>nie mniej ni\u017c 8% ww. wynagrodzenia w I roku nauki lub klasie I bran\u017cowej szko\u0142y I stopnia<\/td><td>560,46&nbsp;z\u0142<\/td><\/tr><tr><td>nie mniej ni\u017c 9% ww. wynagrodzenia w II roku nauki lub klasie II bran\u017cowej szko\u0142y I stopnia<\/td><td>630,52&nbsp;z\u0142<\/td><\/tr><tr><td>nie mniej ni\u017c 10% ww. wynagrodzenia w III roku nauki lub klasie III bran\u017cowej szko\u0142y I stopnia<\/td><td>700,58&nbsp;z\u0142<\/td><\/tr><tr><td>nie mniej ni\u017c 7% ww. wynagrodzenia w razie odbywania przyuczenia do wykonywania okre\u015blonej pracy<\/td><td>490,40&nbsp;z\u0142<\/td><\/tr><\/tbody><\/table><\/figure>\n<\/div><\/div>\n\n\n\n<p><strong>Podstawa prawna:<\/strong>&nbsp;\u00a7&nbsp;19 i&nbsp;\u00a7&nbsp;20 rozporz\u0105dzenia Rady Ministr\u00f3w z&nbsp;dnia 28 maja 1996&nbsp;r. w&nbsp;sprawie przygotowania zawodowego m\u0142odocianych i&nbsp;ich wynagradzania (Dz.&nbsp;U. z&nbsp;2018&nbsp;r. poz.&nbsp;2010 z p\u00f3\u017an. zm.).<\/p>\n\n\n\n<p><strong>Sk\u0142adki na ubezpieczenia spo\u0142eczne i zdrowotne m\u0142odocianych<\/strong><\/p>\n\n\n\n<figure class=\"wp-block-table\"><table><tbody><tr><td><strong>Podstawa wymiaru sk\u0142adki<\/strong><\/td><td><strong>Rodzaj ubezpieczenia<\/strong><\/td><td><strong>Spos\u00f3b finansowania<\/strong><\/td><\/tr><tr><td><strong>p\u0142atnik<\/strong><\/td><td><strong>ubezpieczony<\/strong><\/td><\/tr><tr><td><\/td><td>p\u0142atnik <\/td><td>ubezpieczony<\/td><\/tr><tr><td><strong>560,46 z\u0142 (I rok nauki)<\/strong><\/td><td><\/td><td><\/td><\/tr><tr><td>emerytalne<\/td><td>54,70 z\u0142<\/td><td>54,70 z\u0142<\/td><\/tr><tr><td>rentowe<\/td><td>36,43 z\u0142<\/td><td>8,41 z\u0142<\/td><\/tr><tr><td>chorobowe<\/td><td>&#8211;<\/td><td>13,73 z\u0142<\/td><\/tr><tr><td>wypadkowe<\/td><td>x*<sup>)<\/sup><\/td><td>&#8211;<\/td><\/tr><tr><td>zdrowotne<\/td><td>&#8211;<\/td><td>nie wyst\u0105pi**<sup>)<\/sup>***<sup>)<\/sup><\/td><\/tr><tr><td><\/td><\/tr><tr><td><strong>630,52 z\u0142 (II rok nauki)<\/strong><\/td><td><\/td><td><\/td><\/tr><tr><td>emerytalne<\/td><td>61,54 z\u0142<\/td><td>61,54 z\u0142<\/td><\/tr><tr><td>rentowe<\/td><td>40,98 z\u0142<\/td><td>9,46 z\u0142<\/td><\/tr><tr><td>chorobowe<\/td><td>&#8211;<\/td><td>15,45 z\u0142<\/td><\/tr><tr><td>wypadkowe<\/td><td>x*<sup>)<\/sup><\/td><td>&#8211;<\/td><\/tr><tr><td>zdrowotne<\/td><td>&#8211;<\/td><td>6,22 z\u0142**<sup>)<\/sup>***<sup>)<\/sup><\/td><\/tr><tr><td><\/td><\/tr><tr><td><strong>700,58 z\u0142 (III rok nauki)<\/strong><\/td><td><\/td><td><\/td><\/tr><tr><td>emerytalne<\/td><td>68,38 z\u0142<\/td><td>68,38 z\u0142<\/td><\/tr><tr><td>rentowe<\/td><td>45,54 z\u0142<\/td><td>10,51 z\u0142<\/td><\/tr><tr><td>chorobowe<\/td><td>&#8211;<\/td><td>17,16 z\u0142<\/td><\/tr><tr><td>wypadkowe<\/td><td>x*<sup>)<\/sup><\/td><td>&#8211;<\/td><\/tr><tr><td>zdrowotne<\/td><td>&#8211;<\/td><td>16,59 z\u0142**<sup>)<\/sup>\/8,09 z\u0142***<sup>)<\/sup><\/td><\/tr><tr><td><\/td><\/tr><tr><td>490,40 z\u0142<br>(przyuczenie do&nbsp;wykonywania okre\u015blonej pracy)<\/td><td>emerytalne<\/td><td>47,86 z\u0142<\/td><\/tr><tr><td>rentowe<\/td><td>31,88 z\u0142<\/td><td>7,36 z\u0142<\/td><\/tr><tr><td>chorobowe<\/td><td>&#8211;<\/td><td>12,01 z\u0142<\/td><\/tr><tr><td>wypadkowe<\/td><td>x*<sup>)<\/sup><\/td><td>&#8211;<\/td><\/tr><tr><td>zdrowotne<\/td><td>&#8211;<\/td><td>nie wyst\u0105pi**<sup>)<\/sup>***<sup>)<\/sup><\/td><\/tr><tr><td><\/td><\/tr><\/tbody><\/table><\/figure>\n\n\n\n<div class=\"wp-container-3 wp-block-columns\">\n<div class=\"wp-container-2 wp-block-column\" style=\"flex-basis:100%\">\n<figure class=\"wp-block-table\"><table><tbody><tr><td><strong>Okres<\/strong><\/td><td><strong>1.06.2023&nbsp;r. &#8211; 31.08.2023r.<\/strong><\/td><\/tr><tr><td>I rok nauki &#8211; nie mniej ni\u017c 5% ww. wynagrodzenia<\/td><td>356,21&nbsp;z\u0142<\/td><\/tr><tr><td>II rok nauki &#8211; nie mniej ni\u017c 6% ww. wynagrodzenia<\/td><td>427,46&nbsp;z\u0142<\/td><\/tr><tr><td>III rok nauki &#8211; nie mniej ni\u017c 7% ww. wynagrodzenia<\/td><td>498,70&nbsp;z\u0142<\/td><\/tr><tr><td>przyuczenie do wykonywania okre\u015blonej pracy &#8211; nie mniej ni\u017c 4% ww. wynagrodzenia<\/td><td>284,97&nbsp;z\u0142<\/td><\/tr><\/tbody><\/table><\/figure>\n<\/div>\n<\/div>\n\n\n\n<figure class=\"wp-block-table\"><table><tbody><tr><td><strong>Podstawa wymiaru sk\u0142adki<\/strong><\/td><td><strong>Rodzaj ubezpieczenia<\/strong><\/td><td><strong>Spos\u00f3b finansowania<\/strong><\/td><\/tr><tr><td><strong>p\u0142atnik<\/strong><\/td><td><strong>ubezpieczony<\/strong><\/td><\/tr><tr><td><strong>356,21&nbsp;z\u0142<br>(I rok nauki)<\/strong><\/td><td>emerytalne<\/td><td>34,77&nbsp;z\u0142<\/td><td>34,77&nbsp;z\u0142<\/td><\/tr><tr><td>rentowe<\/td><td>23,15&nbsp;z\u0142<\/td><td>5,34&nbsp;z\u0142<\/td><\/tr><tr><td>chorobowe<\/td><td>&#8211;<\/td><td>8,73&nbsp;z\u0142<\/td><\/tr><tr><td>wypadkowe<\/td><td>x*<sup>)<\/sup><\/td><td>&#8211;<\/td><\/tr><tr><td><strong>427,46&nbsp;z\u0142<br>(II rok nauki)<\/strong><\/td><td>emerytalne<\/td><td>41,72&nbsp;z\u0142<\/td><td>41,72&nbsp;z\u0142<\/td><\/tr><tr><td>rentowe<\/td><td>27,78&nbsp;z\u0142<\/td><td>6,41&nbsp;z\u0142<\/td><\/tr><tr><td>chorobowe<\/td><td>&#8211;<\/td><td>10,47&nbsp;z\u0142<\/td><\/tr><tr><td>wypadkowe<\/td><td>x*<sup>)<\/sup><\/td><td>&#8211;<\/td><\/tr><tr><td><strong>498,70&nbsp;z\u0142<br>(III rok nauki)<\/strong><\/td><td>emerytalne<\/td><td>48,67&nbsp;z\u0142<\/td><td>48,67&nbsp;z\u0142<\/td><\/tr><tr><td>rentowe<\/td><td>32,42&nbsp;z\u0142<\/td><td>7,48 z\u0142<\/td><\/tr><tr><td>chorobowe<\/td><td>&#8211;<\/td><td>12,22&nbsp;z\u0142<\/td><\/tr><tr><td>wypadkowe<\/td><td>x*<sup>)<\/sup><\/td><td>&#8211;<\/td><\/tr><tr><td>284,97&nbsp;z\u0142<br>(przyuczenie do wykonywania okre\u015blonej pracy)<\/td><td>emerytalne<\/td><td>27,81&nbsp;z\u0142<\/td><td>27,81&nbsp;z\u0142<\/td><\/tr><tr><td>rentowe<\/td><td>18,52&nbsp;z\u0142<\/td><td>4,27&nbsp;z\u0142<\/td><\/tr><tr><td>chorobowe<\/td><td>&#8211;<\/td><td>6,98&nbsp;z\u0142<\/td><\/tr><tr><td>wypadkowe<\/td><td>x*<sup>)<\/sup><\/td><td>&#8211;<\/td><\/tr><\/tbody><\/table><\/figure>\n\n\n\n<p>Przeci\u0119tne wynagrodzenie w IV kwartale 2022&nbsp;r. wynios\u0142o &#8211;&nbsp;6.733,49 z\u0142. (Mon. Pol. z 2023 r. poz. 170)<\/p>\n\n\n\n<figure class=\"wp-block-table\"><table><tbody><tr><td><strong>Okres<\/strong><\/td><td class=\"has-text-align-center\" data-align=\"center\"><strong>1.03.2023 r. &#8211; 31.05.2023 r.<\/strong><\/td><\/tr><tr><td>I rok nauki &#8211; nie mniej ni\u017c 5% ww. wynagrodzenia<\/td><td class=\"has-text-align-center\" data-align=\"center\">336,67 z\u0142<\/td><\/tr><tr><td>II rok nauki &#8211; nie mniej ni\u017c 6% ww. wynagrodzenia<\/td><td class=\"has-text-align-center\" data-align=\"center\">404,01 z\u0142<\/td><\/tr><tr><td>III rok nauki &#8211; nie mniej ni\u017c 7% ww. wynagrodzenia<\/td><td class=\"has-text-align-center\" data-align=\"center\">471,34 z\u0142<\/td><\/tr><tr><td>przyuczenie do wykonywania okre\u015blonej pracy &#8211; nie mniej ni\u017c 4% ww. wynagrodzenia<\/td><td class=\"has-text-align-center\" data-align=\"center\">269,34 z\u0142<\/td><\/tr><\/tbody><\/table><\/figure>\n\n\n\n<p>Dane dot. wynagrodzenia m\u0142odocianych pracownik\u00f3w, pochodz\u0105 ze strony: <a href=\"http:\/\/www.wskazniki.gofin.pl\/8,113,1,wysokosc-wynagrodzenia-i-skladek-na-ubezpieczenia-spoleczne.html\" target=\"_blank\" rel=\"noreferrer noopener\">http:\/\/www.wskazniki.gofin.pl\/8,113,1,wysokosc-wynagrodzenia-i-skladek-na-ubezpieczenia-spoleczne.html<\/a><\/p>\n\n\n\n<div class=\"wp-container-6 wp-block-columns\">\n<div class=\"wp-container-5 wp-block-column\" style=\"flex-basis:100%\">\n<div class=\"wp-container-4 wp-block-group\"><div class=\"wp-block-group__inner-container\">\n<figure class=\"wp-block-table\"><table><tbody><tr><td><strong>Podstawa wymiaru sk\u0142adki<\/strong><\/td><td><strong>Rodzaj ubezpieczenia<\/strong><\/td><td><strong>Spos\u00f3b finansowania<\/strong> ubezpieczony<\/td><td><strong>Spos\u00f3b finansowania<\/strong> p\u0142atnik<\/td><\/tr><tr><td>&nbsp;<\/td><td>emerytalne<\/td><td>32,86 z\u0142<\/td><td>32,86 z\u0142<\/td><\/tr><tr><td>336,67 z\u0142&nbsp;&nbsp;&nbsp;&nbsp;<\/td><td>rentowe<\/td><td>21,88 z\u0142<\/td><td>5,05 z\u0142<\/td><\/tr><tr><td>(I rok nauki)<\/td><td>chorobowe<\/td><td>&#8211;<\/td><td>8,25 z\u0142<\/td><\/tr><tr><td><\/td><td>wypadkowe<\/td><td>x*<sup>)<\/sup><\/td><td>&#8211;<\/td><\/tr><tr><td><\/td><td>emerytalne<\/td><td>39,43 z\u0142<\/td><td>39,43 z\u0142<\/td><\/tr><tr><td>404,01 z\u0142&nbsp;<\/td><td>rentowe<\/td><td>26,26 z\u0142<\/td><td>6,06 z\u0142<\/td><\/tr><tr><td>(II rok nauki)<\/td><td>chorobowe<\/td><td>&#8211;<\/td><td>9,90 z\u0142<\/td><\/tr><tr><td><\/td><td>wypadkowe<\/td><td>x*<sup>)<\/sup><\/td><td>&#8211;<\/td><\/tr><tr><td><\/td><td>emerytalne<\/td><td>46,00 z\u0142<\/td><td>46,00 z\u0142<\/td><\/tr><tr><td>471,34 z\u0142&nbsp;<\/td><td>rentowe<\/td><td>30,64 z\u0142<\/td><td>7,07 z\u0142<\/td><\/tr><tr><td>(III rok nauki)<\/td><td>chorobowe<\/td><td>&#8211;<\/td><td>11,55 z\u0142<\/td><\/tr><tr><td><\/td><td>wypadkowe<\/td><td>x*<sup>)<\/sup><\/td><td>&#8211;<\/td><\/tr><tr><td><\/td><td><em>emerytalne<\/em><\/td><td><em>26,29 z\u0142<\/em><\/td><td><em>26,29 z\u0142<\/em><\/td><\/tr><tr><td><em>269,34 z\u0142<\/em><\/td><td><em>rentowe<\/em><\/td><td><em>17,51 z\u0142<\/em><\/td><td><em>4,04 z\u0142<\/em><\/td><\/tr><tr><td><em>(przyuczenie do wykonywania okre\u015blonej pracy)<\/em><\/td><td><em>chorobowe<\/em><\/td><td><em>&#8211;<\/em><\/td><td><em>6,60 z\u0142<\/em><\/td><\/tr><tr><td><\/td><td><em>wypadkowe<\/em><\/td><td><em>x*<sup>)<\/sup><\/em><\/td><td><em>&#8211;<\/em><\/td><\/tr><\/tbody><\/table><\/figure>\n<\/div><\/div>\n<\/div>\n<\/div>\n\n\n\n<p><strong>Uwaga:<br>*<sup>)<\/sup><\/strong>&nbsp;Stopa procentowa sk\u0142adki na ubezpieczenie wypadkowe ustalana jest zgodnie z&nbsp;rozporz\u0105dzeniem Ministra Pracy i&nbsp;Polityki Spo\u0142ecznej z&nbsp;dnia 29 listopada 2002&nbsp;r. (Dz.&nbsp;U. z&nbsp;2022&nbsp;r. poz.&nbsp;740).&nbsp;<a href=\"http:\/\/www.wskazniki.gofin.pl\/8,195,1.html\" target=\"_blank\" rel=\"noreferrer noopener\"><u>Wysoko\u015bci st\u00f3p procentowych sk\u0142adki wypadkowej<\/u><\/a>.<\/p>\n","protected":false},"excerpt":{"rendered":"<p>Wynagrodzenie m\u0142odocianych M\u0142odocianemu w&nbsp;okresie nauki zawodu oraz przyuczenia do wykonywania okre\u015blonej pracy przys\u0142uguje wynagrodzenie obliczane w&nbsp;stosunku procentowym do&nbsp;przeci\u0119tnego miesi\u0119cznego wynagrodzenia w&nbsp;gospodarce narodowej w&nbsp;poprzednim kwartale, obowi\u0105zuj\u0105cego od&nbsp;pierwszego dnia nast\u0119pnego miesi\u0105ca po og\u0142oszeniu przez Prezesa GUS. AKTUALNE STAWKI WYNAGRODZE\u0143 M\u0141ODOCIANYCH znajduj\u0105 ci\u0119 [&hellip;]<\/p>\n","protected":false},"author":1,"featured_media":0,"parent":0,"menu_order":0,"comment_status":"closed","ping_status":"closed","template":"","meta":[],"_links":{"self":[{"href":"http:\/\/cech-wieliczka.pl\/index.php?rest_route=\/wp\/v2\/pages\/103"}],"collection":[{"href":"http:\/\/cech-wieliczka.pl\/index.php?rest_route=\/wp\/v2\/pages"}],"about":[{"href":"http:\/\/cech-wieliczka.pl\/index.php?rest_route=\/wp\/v2\/types\/page"}],"author":[{"embeddable":true,"href":"http:\/\/cech-wieliczka.pl\/index.php?rest_route=\/wp\/v2\/users\/1"}],"replies":[{"embeddable":true,"href":"http:\/\/cech-wieliczka.pl\/index.php?rest_route=%2Fwp%2Fv2%2Fcomments&post=103"}],"version-history":[{"count":7,"href":"http:\/\/cech-wieliczka.pl\/index.php?rest_route=\/wp\/v2\/pages\/103\/revisions"}],"predecessor-version":[{"id":1149,"href":"http:\/\/cech-wieliczka.pl\/index.php?rest_route=\/wp\/v2\/pages\/103\/revisions\/1149"}],"wp:attachment":[{"href":"http:\/\/cech-wieliczka.pl\/index.php?rest_route=%2Fwp%2Fv2%2Fmedia&parent=103"}],"curies":[{"name":"wp","href":"https:\/\/api.w.org\/{rel}","templated":true}]}}